{"id":8,"date":"2023-06-23T15:43:04","date_gmt":"2023-06-23T13:43:04","guid":{"rendered":"https:\/\/sempreinsieme.pl\/?page_id=8"},"modified":"2025-04-25T20:51:42","modified_gmt":"2025-04-25T18:51:42","slug":"kontakt","status":"publish","type":"page","link":"https:\/\/sempreinsieme.pl\/index.php\/kontakt\/","title":{"rendered":"Kontakt"},"content":{"rendered":"\n<p>Zawsze Razem, czyli Fundacja Sempre Insieme! Wspieramy edukacj\u0119 artystyczn\u0105, muzyczn\u0105, i warto\u015bci.<\/p>\n\n\n\n<p>Adres Fundacji Ul. Ciepielowska 5\/51 , 04-967 Warsaw, Poland<\/p>\n\n\n\n<p>Telefon kontaktowy: + 48 783 030 897<\/p>\n\n\n\n<p>mail: fundacjasempre@gmail.com<\/p>\n\n\n\n<h2 class=\"wp-block-heading\">RODO<\/h2>\n\n\n\n<p>Zgodnie z&nbsp;art. 13 og\u00f3lnego rozporz\u0105dzenia o&nbsp;ochronie danych osobowych z&nbsp;dnia 27 kwietnia 2016&nbsp;r. (Dz.&nbsp;Urz. UE L 119 z&nbsp;04.05.2016) informujemy, i\u017c:<\/p>\n\n\n\n<ol class=\"wp-block-list\">\n<li>administratorem Pani\/Pana danych osobowych jest Fundacja Sempre Insieme<\/li>\n\n\n\n<li>kontakt z&nbsp;Inspektorem Ochrony Danych mo\u017cliwy jest pod&nbsp;numerem telefonu +48 783 030 897 i&nbsp;pod&nbsp;adresem e-mail:&nbsp;fundacjasempre@gmail.com<\/li>\n\n\n\n<li>Pani\/Pana dane osobowe przetwarzane b\u0119d\u0105 w&nbsp;celu realizacji zada\u0144 statutowych fundacji oraz&nbsp;przesy\u0142ania Pa\u0144stwu informacji o&nbsp;dzia\u0142aniach fundacji i&nbsp;podzi\u0119kowa\u0144 \u2013 na&nbsp;podstawie Art. 6 ust. 1 lit. e&nbsp;og\u00f3lnego rozporz\u0105dzenia o&nbsp;ochronie danych osobowych z&nbsp;dnia 27 kwietnia 2016&nbsp;r.;<\/li>\n\n\n\n<li>kategoria danych osobowych: dane niewra\u017cliwe;<\/li>\n\n\n\n<li>Pana\/Pani dane osobowe pozyskano z&nbsp;formularza kontaktowego;<\/li>\n\n\n\n<li>odbiorcami Pani\/Pana danych osobowych b\u0119d\u0105 wy\u0142\u0105cznie podmioty uprawnione do&nbsp;uzyskania danych osobowych na&nbsp;podstawie przepis\u00f3w prawa;<\/li>\n\n\n\n<li>Pana\/Pani dane osobowe przechowywane b\u0119d\u0105 do&nbsp;momentu wniesienia sprzeciwu;<\/li>\n\n\n\n<li>posiada Pani\/Pan prawo do: \u017c\u0105dania od&nbsp;administratora dost\u0119pu do&nbsp;danych osobowych, prawo do&nbsp;ich sprostowania, usuni\u0119cia lub ograniczenia przetwarzania, prawo do&nbsp;wniesienia sprzeciwu wobec przetwarzania w&nbsp;celach inne ni\u017c statutowe;<\/li>\n\n\n\n<li>ma&nbsp;Pan\/Pani prawo wniesienia skargi do&nbsp;organu nadzorczego<\/li>\n<\/ol>\n","protected":false},"excerpt":{"rendered":"<p>Zawsze Razem, czyli Fundacja Sempre Insieme! Wspieramy edukacj\u0119 artystyczn\u0105, muzyczn\u0105, i warto\u015bci. Adres Fundacji Ul. Ciepielowska 5\/51 , 04-967 Warsaw, Poland Telefon kontaktowy: + 48 783 030 897 mail: fundacjasempre@gmail.com RODO Zgodnie z&nbsp;art. 13 og\u00f3lnego rozporz\u0105dzenia o&nbsp;ochronie danych osobowych z&nbsp;dnia 27 kwietnia 2016&nbsp;r. (Dz.&nbsp;Urz. UE L 119 z&nbsp;04.05.2016) informujemy, i\u017c:<\/p>\n","protected":false},"author":1,"featured_media":0,"parent":0,"menu_order":0,"comment_status":"closed","ping_status":"closed","template":"","meta":{"footnotes":""},"class_list":["post-8","page","type-page","status-publish","hentry","entry"],"_links":{"self":[{"href":"https:\/\/sempreinsieme.pl\/index.php\/wp-json\/wp\/v2\/pages\/8","targetHints":{"allow":["GET"]}}],"collection":[{"href":"https:\/\/sempreinsieme.pl\/index.php\/wp-json\/wp\/v2\/pages"}],"about":[{"href":"https:\/\/sempreinsieme.pl\/index.php\/wp-json\/wp\/v2\/types\/page"}],"author":[{"embeddable":true,"href":"https:\/\/sempreinsieme.pl\/index.php\/wp-json\/wp\/v2\/users\/1"}],"replies":[{"embeddable":true,"href":"https:\/\/sempreinsieme.pl\/index.php\/wp-json\/wp\/v2\/comments?post=8"}],"version-history":[{"count":6,"href":"https:\/\/sempreinsieme.pl\/index.php\/wp-json\/wp\/v2\/pages\/8\/revisions"}],"predecessor-version":[{"id":278,"href":"https:\/\/sempreinsieme.pl\/index.php\/wp-json\/wp\/v2\/pages\/8\/revisions\/278"}],"wp:attachment":[{"href":"https:\/\/sempreinsieme.pl\/index.php\/wp-json\/wp\/v2\/media?parent=8"}],"curies":[{"name":"wp","href":"https:\/\/api.w.org\/{rel}","templated":true}]}}