{"id":37,"date":"2023-06-23T16:00:10","date_gmt":"2023-06-23T14:00:10","guid":{"rendered":"https:\/\/sempreinsieme.pl\/?page_id=37"},"modified":"2023-12-28T20:43:54","modified_gmt":"2023-12-28T19:43:54","slug":"wplac","status":"publish","type":"page","link":"https:\/\/sempreinsieme.pl\/index.php\/wplac\/","title":{"rendered":"Jak pom\u00f3c?"},"content":{"rendered":"\n<figure class=\"wp-block-image size-large\"><img loading=\"lazy\" decoding=\"async\" width=\"1024\" height=\"1024\" src=\"https:\/\/sempreinsieme.pl\/wp-content\/uploads\/2023\/06\/image-1024x1024.png\" alt=\"\" class=\"wp-image-100\" srcset=\"https:\/\/sempreinsieme.pl\/wp-content\/uploads\/2023\/06\/image-1024x1024.png 1024w, https:\/\/sempreinsieme.pl\/wp-content\/uploads\/2023\/06\/image-300x300.png 300w, https:\/\/sempreinsieme.pl\/wp-content\/uploads\/2023\/06\/image-150x150.png 150w, https:\/\/sempreinsieme.pl\/wp-content\/uploads\/2023\/06\/image-768x768.png 768w, https:\/\/sempreinsieme.pl\/wp-content\/uploads\/2023\/06\/image-1536x1536.png 1536w, https:\/\/sempreinsieme.pl\/wp-content\/uploads\/2023\/06\/image.png 1545w\" sizes=\"auto, (max-width: 1024px) 100vw, 1024px\" \/><\/figure>\n\n\n\n<h4 class=\"wp-block-heading\">Zach\u0119camy do wp\u0142at darowizn na konto Fundacji BNP Paribas 54 1750 0012 0000 0000 4087 3864<\/h4>\n\n\n\n<p><strong>Dzi\u0119kujemy Pa\u0144stwu za ka\u017cd\u0105 wp\u0142acon\u0105 z\u0142ot\u00f3wk\u0119!<\/strong> <\/p>\n\n\n\n<h2 class=\"wp-block-heading\"><strong>WOLONTARIAT<\/strong><\/h2>\n\n\n\n<p class=\"has-text-align-left\">Wolontariat jest nam niezwykle bliski. Wsp\u00f3\u0142pracujemy z wolontariuszami\u00a0od samego pocz\u0105tku swojej dzia\u0142alno\u015bci. Je\u015bli chcia\u0142by\u015b pom\u00f3c nam podczas letnich p\u00f3\u0142kolonii artystycznych dla ubogich dziewczynek z Polski i Ukrainy lub w dzia\u0142aniach spo\u0142eczno-edukacyjnych w Okr\u0119gowym O\u015brodku Wychowawczym, albo w aktywno\u015bciach kulturalnych to serdecznie zapraszamy! <\/p>\n\n\n\n<ul class=\"wp-block-list\">\n<li>mail\u00a0fundacjasempre@gmail.com<\/li>\n\n\n\n<li>telefon: +48 783 030 897<\/li>\n<\/ul>\n","protected":false},"excerpt":{"rendered":"<p>Zach\u0119camy do wp\u0142at darowizn na konto Fundacji BNP Paribas 54 1750 0012 0000 0000 4087 3864 Dzi\u0119kujemy Pa\u0144stwu za ka\u017cd\u0105 wp\u0142acon\u0105 z\u0142ot\u00f3wk\u0119! WOLONTARIAT Wolontariat jest nam niezwykle bliski. Wsp\u00f3\u0142pracujemy z wolontariuszami\u00a0od samego pocz\u0105tku swojej dzia\u0142alno\u015bci. Je\u015bli chcia\u0142by\u015b pom\u00f3c nam podczas letnich p\u00f3\u0142kolonii artystycznych dla ubogich dziewczynek z Polski i Ukrainy lub w dzia\u0142aniach spo\u0142eczno-edukacyjnych w&hellip; <a class=\"more-link\" href=\"https:\/\/sempreinsieme.pl\/index.php\/wplac\/\">Czytaj dalej <span class=\"screen-reader-text\">Jak pom\u00f3c?<\/span><\/a><\/p>\n","protected":false},"author":1,"featured_media":0,"parent":0,"menu_order":0,"comment_status":"closed","ping_status":"closed","template":"","meta":{"footnotes":""},"class_list":["post-37","page","type-page","status-publish","hentry","entry"],"_links":{"self":[{"href":"https:\/\/sempreinsieme.pl\/index.php\/wp-json\/wp\/v2\/pages\/37","targetHints":{"allow":["GET"]}}],"collection":[{"href":"https:\/\/sempreinsieme.pl\/index.php\/wp-json\/wp\/v2\/pages"}],"about":[{"href":"https:\/\/sempreinsieme.pl\/index.php\/wp-json\/wp\/v2\/types\/page"}],"author":[{"embeddable":true,"href":"https:\/\/sempreinsieme.pl\/index.php\/wp-json\/wp\/v2\/users\/1"}],"replies":[{"embeddable":true,"href":"https:\/\/sempreinsieme.pl\/index.php\/wp-json\/wp\/v2\/comments?post=37"}],"version-history":[{"count":3,"href":"https:\/\/sempreinsieme.pl\/index.php\/wp-json\/wp\/v2\/pages\/37\/revisions"}],"predecessor-version":[{"id":188,"href":"https:\/\/sempreinsieme.pl\/index.php\/wp-json\/wp\/v2\/pages\/37\/revisions\/188"}],"wp:attachment":[{"href":"https:\/\/sempreinsieme.pl\/index.php\/wp-json\/wp\/v2\/media?parent=37"}],"curies":[{"name":"wp","href":"https:\/\/api.w.org\/{rel}","templated":true}]}}